{"id":1516,"date":"2025-06-26T20:37:48","date_gmt":"2025-06-26T18:37:48","guid":{"rendered":"https:\/\/lakukahotel.com\/recommendations\/"},"modified":"2025-09-11T23:13:59","modified_gmt":"2025-09-11T21:13:59","slug":"recommendations","status":"publish","type":"page","link":"https:\/\/lakukahotel.com\/en\/recommendations\/","title":{"rendered":"Recommendations"},"content":{"rendered":"\t\t<div data-elementor-type=\"wp-page\" data-elementor-id=\"1516\" class=\"elementor elementor-1516 elementor-480\" data-elementor-post-type=\"page\">\n\t\t\t\t<div class=\"elementor-element elementor-element-64dadef e-con-full e-flex wpr-particle-no wpr-jarallax-no wpr-parallax-no wpr-sticky-section-no e-con e-parent\" data-id=\"64dadef\" data-element_type=\"container\" data-settings=\"{&quot;background_background&quot;:&quot;classic&quot;}\">\n\t\t\t\t<div class=\"elementor-element elementor-element-3be5eee elementor-widget elementor-widget-heading\" data-id=\"3be5eee\" data-element_type=\"widget\" data-widget_type=\"heading.default\">\n\t\t\t\t\t<h2 class=\"elementor-heading-title elementor-size-default\">RECOMMENDATIONS<\/h2>\t\t\t\t<\/div>\n\t\t\t\t<\/div>\n\t\t<div class=\"elementor-element elementor-element-d54d57c e-flex e-con-boxed wpr-particle-no wpr-jarallax-no wpr-parallax-no wpr-sticky-section-no e-con e-parent\" data-id=\"d54d57c\" data-element_type=\"container\" data-settings=\"{&quot;background_background&quot;:&quot;classic&quot;}\">\n\t\t\t\t\t<div class=\"e-con-inner\">\n\t\t\t\t<div class=\"elementor-element elementor-element-0ab04c6 elementor-widget elementor-widget-heading\" data-id=\"0ab04c6\" data-element_type=\"widget\" data-widget_type=\"heading.default\">\n\t\t\t\t\t<h2 class=\"elementor-heading-title elementor-size-default\">How to get there<\/h2>\t\t\t\t<\/div>\n\t\t\t\t<div class=\"elementor-element elementor-element-4ff0c85 elementor-widget__width-inherit elementor-widget elementor-widget-text-editor\" data-id=\"4ff0c85\" data-element_type=\"widget\" data-widget_type=\"text-editor.default\">\n\t\t\t\t\t\t\t\t\t<p>Getting to La Kuka is part of the adventure! From Medell\u00edn, you&#8217;ll fly on a 20-passenger plane for almost an hour, soaring over the Antioquia mountains and the Choc\u00f3 jungle to the town of Nuqu\u00ed. There, you&#8217;ll board a boat for a 45-minute ride across a portion of the Gulf of Tribug\u00e1, hugging the coastline of the Serran\u00eda del Baud\u00f3. <br>On the way, you might get your first glimpse of whales, fish, dolphins, and pelicans. Upon your arrival at the beaches of Guachalito, La Kuka will be waiting for you with a refreshing coconut water and a great team at your service! <\/p><p>We are more than happy to help you book your round-trip flight.<\/p><p>There are direct flights from Medell\u00edn and flights from Bogot\u00e1 with a layover in Quibd\u00f3. Private trips for large groups can also be arranged. Due to our tropical conditions, we recommend not booking international flights on the same day as your departure from Nuqu\u00ed in case weather conditions delay your flight.  <\/p><p>Our suggestions for accommodation in Medell\u00edn<\/p><p>\u2022 Moderately Priced:<br>Los Patios Hostal Boutique (@lospatioshostalboutique)<br>Galer\u00eda Hostel Medell\u00edn (@galeriahostel)<\/p><p>\u2022 Executive Budget<br>Diez Hotel (www.diezhotel.com)<br>Soy Local (www.soylocal.co)<\/p>\t\t\t\t\t\t\t\t<\/div>\n\t\t\t\t<div class=\"elementor-element elementor-element-e9c3acc elementor-widget elementor-widget-heading\" data-id=\"e9c3acc\" data-element_type=\"widget\" data-widget_type=\"heading.default\">\n\t\t\t\t\t<h2 class=\"elementor-heading-title elementor-size-default\">What to pack?<\/h2>\t\t\t\t<\/div>\n\t\t\t\t<div class=\"elementor-element elementor-element-695ac18 elementor-widget__width-inherit elementor-widget elementor-widget-text-editor\" data-id=\"695ac18\" data-element_type=\"widget\" data-widget_type=\"text-editor.default\">\n\t\t\t\t\t\t\t\t\t<p>The maximum weight allowed for checked luggage is 10kg, and for carry-on luggage, it is 5kg (one piece).<\/p>\t\t\t\t\t\t\t\t<\/div>\n\t\t\t\t\t<\/div>\n\t\t\t\t<\/div>\n\t\t<div class=\"elementor-element elementor-element-18811b5 e-flex e-con-boxed wpr-particle-no wpr-jarallax-no wpr-parallax-no wpr-sticky-section-no e-con e-parent\" data-id=\"18811b5\" data-element_type=\"container\" data-settings=\"{&quot;background_background&quot;:&quot;classic&quot;}\">\n\t\t\t\t\t<div class=\"e-con-inner\">\n\t\t\t\t<div class=\"elementor-element elementor-element-fd31363 elementor-widget elementor-widget-heading\" data-id=\"fd31363\" data-element_type=\"widget\" data-widget_type=\"heading.default\">\n\t\t\t\t\t<h2 class=\"elementor-heading-title elementor-size-default\">It is recommended to bring<\/h2>\t\t\t\t<\/div>\n\t\t\t\t<div class=\"elementor-element elementor-element-cf57d85 elementor-widget__width-inherit elementor-widget elementor-widget-text-editor\" data-id=\"cf57d85\" data-element_type=\"widget\" data-widget_type=\"text-editor.default\">\n\t\t\t\t\t\t\t\t\t<p>Flashlight with spare batteries<br>Sunscreen and a hat or cap<br>Dark glasses<br>Insect repellent \u2013 \u200b\u200bnot aerosol<br>Plastic bags to store wet clothes (at the end of the trip)<br>Swimwear<br>Beachwear, shorts<br>Quick drying clothes<br>A lightweight rain jacket or a waterproof jacket<br>Pants, long-sleeved shirts, and a sweater or hoodie for the evening<br>Mud-resistant shoes for walking in the forest<br>Sandals<br>An additional pair of shoes for your return to the city<br>Personal medications and hygiene products (preferably biodegradable)<br>Binoculars<br>Photographic camera<br>Books and magazines<br>Cash (no ATMs in the area!<\/p>\t\t\t\t\t\t\t\t<\/div>\n\t\t\t\t<div class=\"elementor-element elementor-element-3713f41 elementor-widget elementor-widget-heading\" data-id=\"3713f41\" data-element_type=\"widget\" data-widget_type=\"heading.default\">\n\t\t\t\t\t<h2 class=\"elementor-heading-title elementor-size-default\">Note<\/h2>\t\t\t\t<\/div>\n\t\t\t\t<div class=\"elementor-element elementor-element-29f99c7 elementor-widget__width-inherit elementor-widget elementor-widget-text-editor\" data-id=\"29f99c7\" data-element_type=\"widget\" data-widget_type=\"text-editor.default\">\n\t\t\t\t\t\t\t\t\t<div id=\"page_content_wrapper\" class=\"hasbg withtopbar\"><div class=\"inner\"><div class=\"inner_wrapper\"><div class=\"sidebar_content full_width\"><p>Please inform us in advance if you have any food allergies or special diets (Vegetarian, Vegan, etc.).<\/p><\/div><\/div><\/div><\/div>\t\t\t\t\t\t\t\t<\/div>\n\t\t\t\t\t<\/div>\n\t\t\t\t<\/div>\n\t\t\t\t<\/div>\n\t\t","protected":false},"excerpt":{"rendered":"<p>RECOMMENDATIONS How to get there Getting to La Kuka is part of the adventure! From Medell\u00edn, you&#8217;ll fly on a 20-passenger plane for almost an hour, soaring over the Antioquia mountains and the Choc\u00f3 jungle to the town of Nuqu\u00ed. There, you&#8217;ll board a boat for a 45-minute ride across a portion of the Gulf of Tribug\u00e1, hugging the coastline of the Serran\u00eda del Baud\u00f3. On the way, you might get your first glimpse of whales, fish, dolphins, and pelicans. Upon your arrival at the beaches of Guachalito, La Kuka will be waiting for you with a refreshing coconut water and a great team at your service! We are more than happy to help you book your round-trip flight. There are direct flights from Medell\u00edn and flights from Bogot\u00e1 with a layover in Quibd\u00f3. Private trips for large groups can also be arranged. Due to our tropical conditions, we recommend not booking international flights on the same day as your departure from Nuqu\u00ed in case weather conditions delay your flight. Our suggestions for accommodation in Medell\u00edn \u2022 Moderately Priced:Los Patios Hostal Boutique (@lospatioshostalboutique)Galer\u00eda Hostel Medell\u00edn (@galeriahostel) \u2022 Executive BudgetDiez Hotel (www.diezhotel.com)Soy Local (www.soylocal.co) What to pack? The maximum weight allowed for checked luggage is 10kg, and for carry-on luggage, it is 5kg (one piece). It is recommended to bring Flashlight with spare batteriesSunscreen and a hat or capDark glassesInsect repellent \u2013 \u200b\u200bnot aerosolPlastic bags to store wet clothes (at the end of the trip)SwimwearBeachwear, shortsQuick drying clothesA lightweight rain jacket or a waterproof jacketPants, long-sleeved shirts, and a sweater or hoodie for the eveningMud-resistant shoes for walking in the forestSandalsAn additional pair of shoes for your return to the cityPersonal medications and hygiene products (preferably biodegradable)BinocularsPhotographic cameraBooks and magazinesCash (no ATMs in the area! Note Please inform us in advance if you have any food allergies or special diets (Vegetarian, Vegan, etc.).<\/p>\n","protected":false},"author":2,"featured_media":0,"parent":0,"menu_order":0,"comment_status":"closed","ping_status":"closed","template":"elementor_header_footer","meta":{"footnotes":""},"class_list":["post-1516","page","type-page","status-publish","hentry"],"yoast_head":"<!-- This site is optimized with the Yoast SEO plugin v25.9 - https:\/\/yoast.com\/wordpress\/plugins\/seo\/ -->\n<title>Travel Tips for Nuqu\u00ed | Hotel La Kuka - La Kuka Hotel<\/title>\n<meta name=\"description\" content=\"Plan your trip to Nuqu\u00ed with Hotel La Kuka&#039;s expert recommendations. Learn what to pack, local customs, and how to travel sustainably in Colombia&#039;s Pacific region.\" \/>\n<meta name=\"robots\" content=\"index, follow, max-snippet:-1, max-image-preview:large, max-video-preview:-1\" \/>\n<link rel=\"canonical\" href=\"https:\/\/lakukahotel.com\/en\/recommendations\/\" \/>\n<meta property=\"og:locale\" content=\"en_US\" \/>\n<meta property=\"og:type\" content=\"article\" \/>\n<meta property=\"og:title\" content=\"Travel Tips for Nuqu\u00ed | Hotel La Kuka - La Kuka Hotel\" \/>\n<meta property=\"og:description\" content=\"Plan your trip to Nuqu\u00ed with Hotel La Kuka&#039;s expert recommendations. Learn what to pack, local customs, and how to travel sustainably in Colombia&#039;s Pacific region.\" \/>\n<meta property=\"og:url\" content=\"https:\/\/lakukahotel.com\/en\/recommendations\/\" \/>\n<meta property=\"og:site_name\" content=\"La Kuka Hotel\" \/>\n<meta property=\"article:publisher\" content=\"https:\/\/www.facebook.com\/lakukanuqui\/\" \/>\n<meta property=\"article:modified_time\" content=\"2025-09-11T21:13:59+00:00\" \/>\n<meta property=\"og:image\" content=\"https:\/\/lakukahotel.com\/wp-content\/uploads\/2025\/06\/LA-KUKA-HOTEL-2-1024x683.jpg\" \/>\n<meta name=\"twitter:card\" content=\"summary_large_image\" \/>\n<meta name=\"twitter:title\" content=\"Travel Tips for Nuqu\u00ed | Hotel La Kuka - La Kuka Hotel\" \/>\n<meta name=\"twitter:description\" content=\"Plan your trip to Nuqu\u00ed with Hotel La Kuka&#039;s expert recommendations. Learn what to pack, local customs, and how to travel sustainably in Colombia&#039;s Pacific region.\" \/>\n<meta name=\"twitter:image\" content=\"https:\/\/lakukahotel.com\/wp-content\/uploads\/2025\/06\/LA-KUKA-HOTEL-2-1024x683.jpg\" \/>\n<meta name=\"twitter:label1\" content=\"Est. reading time\" \/>\n\t<meta name=\"twitter:data1\" content=\"2 minutes\" \/>\n<script type=\"application\/ld+json\" class=\"yoast-schema-graph\">{\"@context\":\"https:\/\/schema.org\",\"@graph\":[{\"@type\":\"WebPage\",\"@id\":\"https:\/\/lakukahotel.com\/en\/recommendations\/\",\"url\":\"https:\/\/lakukahotel.com\/en\/recommendations\/\",\"name\":\"Travel Tips for Nuqu\u00ed | Hotel La Kuka - La Kuka Hotel\",\"isPartOf\":{\"@id\":\"https:\/\/lakukahotel.com\/#website\"},\"datePublished\":\"2025-06-26T18:37:48+00:00\",\"dateModified\":\"2025-09-11T21:13:59+00:00\",\"description\":\"Plan your trip to Nuqu\u00ed with Hotel La Kuka's expert recommendations. Learn what to pack, local customs, and how to travel sustainably in Colombia's Pacific region.\",\"breadcrumb\":{\"@id\":\"https:\/\/lakukahotel.com\/en\/recommendations\/#breadcrumb\"},\"inLanguage\":\"en-US\",\"potentialAction\":[{\"@type\":\"ReadAction\",\"target\":[\"https:\/\/lakukahotel.com\/en\/recommendations\/\"]}]},{\"@type\":\"BreadcrumbList\",\"@id\":\"https:\/\/lakukahotel.com\/en\/recommendations\/#breadcrumb\",\"itemListElement\":[{\"@type\":\"ListItem\",\"position\":1,\"name\":\"Portada\",\"item\":\"https:\/\/lakukahotel.com\/\"},{\"@type\":\"ListItem\",\"position\":2,\"name\":\"Recommendations\"}]},{\"@type\":\"WebSite\",\"@id\":\"https:\/\/lakukahotel.com\/#website\",\"url\":\"https:\/\/lakukahotel.com\/\",\"name\":\"La Kuka Hotel\",\"description\":\"\",\"publisher\":{\"@id\":\"https:\/\/lakukahotel.com\/#organization\"},\"potentialAction\":[{\"@type\":\"SearchAction\",\"target\":{\"@type\":\"EntryPoint\",\"urlTemplate\":\"https:\/\/lakukahotel.com\/?s={search_term_string}\"},\"query-input\":{\"@type\":\"PropertyValueSpecification\",\"valueRequired\":true,\"valueName\":\"search_term_string\"}}],\"inLanguage\":\"en-US\"},{\"@type\":\"Organization\",\"@id\":\"https:\/\/lakukahotel.com\/#organization\",\"name\":\"La Kuka Hotel\",\"url\":\"https:\/\/lakukahotel.com\/\",\"logo\":{\"@type\":\"ImageObject\",\"inLanguage\":\"en-US\",\"@id\":\"https:\/\/lakukahotel.com\/#\/schema\/logo\/image\/\",\"url\":\"https:\/\/lakukahotel.com\/wp-content\/uploads\/2025\/06\/Logo-Negro@2x.png\",\"contentUrl\":\"https:\/\/lakukahotel.com\/wp-content\/uploads\/2025\/06\/Logo-Negro@2x.png\",\"width\":470,\"height\":152,\"caption\":\"La Kuka Hotel\"},\"image\":{\"@id\":\"https:\/\/lakukahotel.com\/#\/schema\/logo\/image\/\"},\"sameAs\":[\"https:\/\/www.facebook.com\/lakukanuqui\/\",\"https:\/\/www.instagram.com\/lakukanuqui\/\",\"https:\/\/www.tiktok.com\/@lakukanuqui?_t=ZS-8wIZrzbD4rJ&_r=1\",\"https:\/\/www.tripadvisor.com\/Hotel_Review-g809122-d13107746-Reviews-La_Kuka-Nuqui_Choco_Department.html\"]}]}<\/script>\n<!-- \/ Yoast SEO plugin. -->","yoast_head_json":{"title":"Travel Tips for Nuqu\u00ed | Hotel La Kuka - La Kuka Hotel","description":"Plan your trip to Nuqu\u00ed with Hotel La Kuka's expert recommendations. Learn what to pack, local customs, and how to travel sustainably in Colombia's Pacific region.","robots":{"index":"index","follow":"follow","max-snippet":"max-snippet:-1","max-image-preview":"max-image-preview:large","max-video-preview":"max-video-preview:-1"},"canonical":"https:\/\/lakukahotel.com\/en\/recommendations\/","og_locale":"en_US","og_type":"article","og_title":"Travel Tips for Nuqu\u00ed | Hotel La Kuka - La Kuka Hotel","og_description":"Plan your trip to Nuqu\u00ed with Hotel La Kuka's expert recommendations. Learn what to pack, local customs, and how to travel sustainably in Colombia's Pacific region.","og_url":"https:\/\/lakukahotel.com\/en\/recommendations\/","og_site_name":"La Kuka Hotel","article_publisher":"https:\/\/www.facebook.com\/lakukanuqui\/","article_modified_time":"2025-09-11T21:13:59+00:00","og_image":[{"url":"https:\/\/lakukahotel.com\/wp-content\/uploads\/2025\/06\/LA-KUKA-HOTEL-2-1024x683.jpg","type":"","width":"","height":""}],"twitter_card":"summary_large_image","twitter_title":"Travel Tips for Nuqu\u00ed | Hotel La Kuka - La Kuka Hotel","twitter_description":"Plan your trip to Nuqu\u00ed with Hotel La Kuka's expert recommendations. Learn what to pack, local customs, and how to travel sustainably in Colombia's Pacific region.","twitter_image":"https:\/\/lakukahotel.com\/wp-content\/uploads\/2025\/06\/LA-KUKA-HOTEL-2-1024x683.jpg","twitter_misc":{"Est. reading time":"2 minutes"},"schema":{"@context":"https:\/\/schema.org","@graph":[{"@type":"WebPage","@id":"https:\/\/lakukahotel.com\/en\/recommendations\/","url":"https:\/\/lakukahotel.com\/en\/recommendations\/","name":"Travel Tips for Nuqu\u00ed | Hotel La Kuka - La Kuka Hotel","isPartOf":{"@id":"https:\/\/lakukahotel.com\/#website"},"datePublished":"2025-06-26T18:37:48+00:00","dateModified":"2025-09-11T21:13:59+00:00","description":"Plan your trip to Nuqu\u00ed with Hotel La Kuka's expert recommendations. Learn what to pack, local customs, and how to travel sustainably in Colombia's Pacific region.","breadcrumb":{"@id":"https:\/\/lakukahotel.com\/en\/recommendations\/#breadcrumb"},"inLanguage":"en-US","potentialAction":[{"@type":"ReadAction","target":["https:\/\/lakukahotel.com\/en\/recommendations\/"]}]},{"@type":"BreadcrumbList","@id":"https:\/\/lakukahotel.com\/en\/recommendations\/#breadcrumb","itemListElement":[{"@type":"ListItem","position":1,"name":"Portada","item":"https:\/\/lakukahotel.com\/"},{"@type":"ListItem","position":2,"name":"Recommendations"}]},{"@type":"WebSite","@id":"https:\/\/lakukahotel.com\/#website","url":"https:\/\/lakukahotel.com\/","name":"La Kuka Hotel","description":"","publisher":{"@id":"https:\/\/lakukahotel.com\/#organization"},"potentialAction":[{"@type":"SearchAction","target":{"@type":"EntryPoint","urlTemplate":"https:\/\/lakukahotel.com\/?s={search_term_string}"},"query-input":{"@type":"PropertyValueSpecification","valueRequired":true,"valueName":"search_term_string"}}],"inLanguage":"en-US"},{"@type":"Organization","@id":"https:\/\/lakukahotel.com\/#organization","name":"La Kuka Hotel","url":"https:\/\/lakukahotel.com\/","logo":{"@type":"ImageObject","inLanguage":"en-US","@id":"https:\/\/lakukahotel.com\/#\/schema\/logo\/image\/","url":"https:\/\/lakukahotel.com\/wp-content\/uploads\/2025\/06\/Logo-Negro@2x.png","contentUrl":"https:\/\/lakukahotel.com\/wp-content\/uploads\/2025\/06\/Logo-Negro@2x.png","width":470,"height":152,"caption":"La Kuka Hotel"},"image":{"@id":"https:\/\/lakukahotel.com\/#\/schema\/logo\/image\/"},"sameAs":["https:\/\/www.facebook.com\/lakukanuqui\/","https:\/\/www.instagram.com\/lakukanuqui\/","https:\/\/www.tiktok.com\/@lakukanuqui?_t=ZS-8wIZrzbD4rJ&_r=1","https:\/\/www.tripadvisor.com\/Hotel_Review-g809122-d13107746-Reviews-La_Kuka-Nuqui_Choco_Department.html"]}]}},"_links":{"self":[{"href":"https:\/\/lakukahotel.com\/en\/wp-json\/wp\/v2\/pages\/1516","targetHints":{"allow":["GET"]}}],"collection":[{"href":"https:\/\/lakukahotel.com\/en\/wp-json\/wp\/v2\/pages"}],"about":[{"href":"https:\/\/lakukahotel.com\/en\/wp-json\/wp\/v2\/types\/page"}],"author":[{"embeddable":true,"href":"https:\/\/lakukahotel.com\/en\/wp-json\/wp\/v2\/users\/2"}],"replies":[{"embeddable":true,"href":"https:\/\/lakukahotel.com\/en\/wp-json\/wp\/v2\/comments?post=1516"}],"version-history":[{"count":1,"href":"https:\/\/lakukahotel.com\/en\/wp-json\/wp\/v2\/pages\/1516\/revisions"}],"predecessor-version":[{"id":1517,"href":"https:\/\/lakukahotel.com\/en\/wp-json\/wp\/v2\/pages\/1516\/revisions\/1517"}],"wp:attachment":[{"href":"https:\/\/lakukahotel.com\/en\/wp-json\/wp\/v2\/media?parent=1516"}],"curies":[{"name":"wp","href":"https:\/\/api.w.org\/{rel}","templated":true}]}}