{"id":1529,"date":"2025-06-26T20:59:58","date_gmt":"2025-06-26T18:59:58","guid":{"rendered":"https:\/\/lakukahotel.com\/kontaktieren-sie-uns\/"},"modified":"2025-09-12T18:23:41","modified_gmt":"2025-09-12T16:23:41","slug":"kontaktieren-sie-uns","status":"publish","type":"page","link":"https:\/\/lakukahotel.com\/de\/kontaktieren-sie-uns\/","title":{"rendered":"Kontaktieren Sie uns"},"content":{"rendered":"\t\t<div data-elementor-type=\"wp-page\" data-elementor-id=\"1529\" class=\"elementor elementor-1529 elementor-512\" data-elementor-post-type=\"page\">\n\t\t\t\t<div class=\"elementor-element elementor-element-b21e54a e-con-full e-flex wpr-particle-no wpr-jarallax-no wpr-parallax-no wpr-sticky-section-no e-con e-parent\" data-id=\"b21e54a\" data-element_type=\"container\" data-settings=\"{&quot;background_background&quot;:&quot;classic&quot;}\">\n\t\t\t\t<div class=\"elementor-element elementor-element-cc171b6 elementor-widget elementor-widget-heading\" data-id=\"cc171b6\" data-element_type=\"widget\" data-widget_type=\"heading.default\">\n\t\t\t\t\t<h2 class=\"elementor-heading-title elementor-size-default\">Kontaktieren Sie uns<\/h2>\t\t\t\t<\/div>\n\t\t\t\t<\/div>\n\t\t<div class=\"elementor-element elementor-element-95a4757 e-flex e-con-boxed wpr-particle-no wpr-jarallax-no wpr-parallax-no wpr-sticky-section-no e-con e-parent\" data-id=\"95a4757\" data-element_type=\"container\" data-settings=\"{&quot;background_background&quot;:&quot;classic&quot;}\">\n\t\t\t\t\t<div class=\"e-con-inner\">\n\t\t\t\t<div class=\"elementor-element elementor-element-93e3bc5 elementor-widget__width-inherit elementor-widget elementor-widget-text-editor\" data-id=\"93e3bc5\" data-element_type=\"widget\" data-widget_type=\"text-editor.default\">\n\t\t\t\t\t\t\t\t\t<p data-prosemirror-content-type=\"node\" data-prosemirror-node-name=\"paragraph\" data-prosemirror-node-block=\"true\" data-pm-slice=\"1 1 []\">Kontaktieren Sie uns<br data-prosemirror-content-type=\"node\" data-prosemirror-node-name=\"hardBreak\" data-prosemirror-node-inline=\"true\">Sie haben Fragen oder m\u00f6chten mehr \u00fcber unser Angebot erfahren? Schreiben Sie uns, rufen Sie uns an oder nutzen Sie das Formular. Wir unterst\u00fctzen Sie gerne bei diesem Abenteuer und beantworten Ihre Fragen.<br><br>  <\/p><p data-prosemirror-content-type=\"node\" data-prosemirror-node-name=\"paragraph\" data-prosemirror-node-block=\"true\">Wir freuen uns auf Sie!<\/p><p>Wir warten auf Sie!<\/p>\t\t\t\t\t\t\t\t<\/div>\n\t\t\t\t<div class=\"elementor-element elementor-element-e9aead3 elementor-button-align-stretch elementor-widget elementor-widget-form\" data-id=\"e9aead3\" data-element_type=\"widget\" data-settings=\"{&quot;step_next_label&quot;:&quot;N\\u00e4chste&quot;,&quot;step_previous_label&quot;:&quot;Previous&quot;,&quot;button_width&quot;:&quot;100&quot;,&quot;step_type&quot;:&quot;number_text&quot;,&quot;step_icon_shape&quot;:&quot;circle&quot;}\" data-widget_type=\"form.default\">\n\t\t\t\t\t\t\t<form class=\"elementor-form\" method=\"post\" name=\"Form - German\">\n\t\t\t<input type=\"hidden\" name=\"post_id\" value=\"1529\"\/>\n\t\t\t<input type=\"hidden\" name=\"form_id\" value=\"e9aead3\"\/>\n\t\t\t<input type=\"hidden\" name=\"referer_title\" value=\"Contact Hotel La Kuka | Eco Hotel in Nuqu\u00ed- La Kuka Hotel\" \/>\n\n\t\t\t\t\t\t\t<input type=\"hidden\" name=\"queried_id\" value=\"1529\"\/>\n\t\t\t\n\t\t\t<div class=\"elementor-form-fields-wrapper elementor-labels-\">\n\t\t\t\t\t\t\t\t<div class=\"elementor-field-type-text elementor-field-group elementor-column elementor-field-group-name elementor-col-50\">\n\t\t\t\t\t\t\t\t\t\t\t\t<label for=\"form-field-name\" class=\"elementor-field-label elementor-screen-only\">\n\t\t\t\t\t\t\t\tVollst\u00e4ndiger Name\t\t\t\t\t\t\t<\/label>\n\t\t\t\t\t\t\t\t\t\t\t\t\t\t<input size=\"1\" type=\"text\" name=\"form_fields[name]\" id=\"form-field-name\" class=\"elementor-field elementor-size-lg  elementor-field-textual\" placeholder=\"Vollst\u00e4ndiger Name\">\n\t\t\t\t\t\t\t\t\t\t\t<\/div>\n\t\t\t\t\t\t\t\t<div class=\"elementor-field-type-email elementor-field-group elementor-column elementor-field-group-email elementor-col-50 elementor-field-required\">\n\t\t\t\t\t\t\t\t\t\t\t\t<label for=\"form-field-email\" class=\"elementor-field-label elementor-screen-only\">\n\t\t\t\t\t\t\t\temail\t\t\t\t\t\t\t<\/label>\n\t\t\t\t\t\t\t\t\t\t\t\t\t\t<input size=\"1\" type=\"email\" name=\"form_fields[email]\" id=\"form-field-email\" class=\"elementor-field elementor-size-lg  elementor-field-textual\" placeholder=\"email\" required=\"required\">\n\t\t\t\t\t\t\t\t\t\t\t<\/div>\n\t\t\t\t\t\t\t\t<div class=\"elementor-field-type-tel elementor-field-group elementor-column elementor-field-group-field_69a964f elementor-col-50\">\n\t\t\t\t\t\t\t\t\t\t\t\t<label for=\"form-field-field_69a964f\" class=\"elementor-field-label elementor-screen-only\">\n\t\t\t\t\t\t\t\tTelefon\t\t\t\t\t\t\t<\/label>\n\t\t\t\t\t\t\t\t<input size=\"1\" type=\"tel\" name=\"form_fields[field_69a964f]\" id=\"form-field-field_69a964f\" class=\"elementor-field elementor-size-lg  elementor-field-textual\" placeholder=\"Telefon\" pattern=\"[0-9()#&amp;+*-=.]+\" title=\"Only numbers and phone characters (#, -, *, etc) are accepted.\">\n\n\t\t\t\t\t\t<\/div>\n\t\t\t\t\t\t\t\t<div class=\"elementor-field-type-text elementor-field-group elementor-column elementor-field-group-field_7720248 elementor-col-50\">\n\t\t\t\t\t\t\t\t\t\t\t\t<label for=\"form-field-field_7720248\" class=\"elementor-field-label elementor-screen-only\">\n\t\t\t\t\t\t\t\tBevorzugte Kontaktm\u00f6glichkeiten: WhatsApp, Anruf, E-Mail usw.\t\t\t\t\t\t\t<\/label>\n\t\t\t\t\t\t\t\t\t\t\t\t\t\t<input size=\"1\" type=\"text\" name=\"form_fields[field_7720248]\" id=\"form-field-field_7720248\" class=\"elementor-field elementor-size-lg  elementor-field-textual\" placeholder=\"Bevorzugte Kontaktm\u00f6glichkeiten: WhatsApp, Anruf, E-Mail usw.\">\n\t\t\t\t\t\t\t\t\t\t\t<\/div>\n\t\t\t\t\t\t\t\t<div class=\"elementor-field-type-text elementor-field-group elementor-column elementor-field-group-field_de723b8 elementor-col-50\">\n\t\t\t\t\t\t\t\t\t\t\t\t<label for=\"form-field-field_de723b8\" class=\"elementor-field-label elementor-screen-only\">\n\t\t\t\t\t\t\t\tAufenthaltsland\t\t\t\t\t\t\t<\/label>\n\t\t\t\t\t\t\t\t\t\t\t\t\t\t<input size=\"1\" type=\"text\" name=\"form_fields[field_de723b8]\" id=\"form-field-field_de723b8\" class=\"elementor-field elementor-size-lg  elementor-field-textual\" placeholder=\"Aufenthaltsland\">\n\t\t\t\t\t\t\t\t\t\t\t<\/div>\n\t\t\t\t\t\t\t\t<div class=\"elementor-field-type-html elementor-field-group elementor-column elementor-field-group-field_caa8f55 elementor-col-100\">\n\t\t\t\t\tFecha de viaje (check-in)\t\t\t\t<\/div>\n\t\t\t\t\t\t\t\t<div class=\"elementor-field-type-date elementor-field-group elementor-column elementor-field-group-field_414163d elementor-col-100 elementor-field-required\">\n\t\t\t\t\t\t\t\t\t\t\t\t<label for=\"form-field-field_414163d\" class=\"elementor-field-label elementor-screen-only\">\n\t\t\t\t\t\t\t\tReisedatum (Check-in)\t\t\t\t\t\t\t<\/label>\n\t\t\t\t\t\t\n\t\t<input type=\"date\" name=\"form_fields[field_414163d]\" id=\"form-field-field_414163d\" class=\"elementor-field elementor-size-lg  elementor-field-textual elementor-date-field elementor-use-native\" placeholder=\"Reisedatum (Check-in)\" required=\"required\" pattern=\"[0-9]{4}-[0-9]{2}-[0-9]{2}\">\n\t\t\t\t\t\t<\/div>\n\t\t\t\t\t\t\t\t<div class=\"elementor-field-type-html elementor-field-group elementor-column elementor-field-group-field_da149f4 elementor-col-100\">\n\t\t\t\t\tReisedatum (ggf. Check-out)\t\t\t\t<\/div>\n\t\t\t\t\t\t\t\t<div class=\"elementor-field-type-date elementor-field-group elementor-column elementor-field-group-field_ce7cb93 elementor-col-100 elementor-field-required\">\n\t\t\t\t\t\t\t\t\t\t\t\t<label for=\"form-field-field_ce7cb93\" class=\"elementor-field-label elementor-screen-only\">\n\t\t\t\t\t\t\t\tReisedatum (ggf. Check-out)\t\t\t\t\t\t\t<\/label>\n\t\t\t\t\t\t\n\t\t<input type=\"date\" name=\"form_fields[field_ce7cb93]\" id=\"form-field-field_ce7cb93\" class=\"elementor-field elementor-size-lg  elementor-field-textual elementor-date-field elementor-use-native\" placeholder=\"Reisedatum (ggf. Check-out)\" required=\"required\" pattern=\"[0-9]{4}-[0-9]{2}-[0-9]{2}\">\n\t\t\t\t\t\t<\/div>\n\t\t\t\t\t\t\t\t<div class=\"elementor-field-type-number elementor-field-group elementor-column elementor-field-group-field_385cd14 elementor-col-50\">\n\t\t\t\t\t\t\t\t\t\t\t\t<label for=\"form-field-field_385cd14\" class=\"elementor-field-label elementor-screen-only\">\n\t\t\t\t\t\t\t\tAnzahl Erwachsene\t\t\t\t\t\t\t<\/label>\n\t\t\t\t\t\t\t\t\t<input type=\"number\" name=\"form_fields[field_385cd14]\" id=\"form-field-field_385cd14\" class=\"elementor-field elementor-size-lg  elementor-field-textual\" placeholder=\"Anzahl Erwachsene\" min=\"\" max=\"\" >\n\t\t\t\t\t\t<\/div>\n\t\t\t\t\t\t\t\t<div class=\"elementor-field-type-number elementor-field-group elementor-column elementor-field-group-field_943dd8c elementor-col-50\">\n\t\t\t\t\t\t\t\t\t\t\t\t<label for=\"form-field-field_943dd8c\" class=\"elementor-field-label elementor-screen-only\">\n\t\t\t\t\t\t\t\tAnzahl der Kinder\t\t\t\t\t\t\t<\/label>\n\t\t\t\t\t\t\t\t\t<input type=\"number\" name=\"form_fields[field_943dd8c]\" id=\"form-field-field_943dd8c\" class=\"elementor-field elementor-size-lg  elementor-field-textual\" placeholder=\"Anzahl der Kinder\" min=\"\" max=\"\" >\n\t\t\t\t\t\t<\/div>\n\t\t\t\t\t\t\t\t<div class=\"elementor-field-type-textarea elementor-field-group elementor-column elementor-field-group-field_a07fe9f elementor-col-100\">\n\t\t\t\t\t\t\t\t\t\t\t\t<label for=\"form-field-field_a07fe9f\" class=\"elementor-field-label elementor-screen-only\">\n\t\t\t\t\t\t\t\tZus\u00e4tzliche Kommentare oder Sonderw\u00fcnsche\t\t\t\t\t\t\t<\/label>\n\t\t\t\t\t\t<textarea class=\"elementor-field-textual elementor-field  elementor-size-lg\" name=\"form_fields[field_a07fe9f]\" id=\"form-field-field_a07fe9f\" rows=\"4\" placeholder=\"Zus\u00e4tzliche Kommentare oder Sonderw\u00fcnsche\"><\/textarea>\t\t\t\t<\/div>\n\t\t\t\t\t\t\t\t<div class=\"elementor-field-type-recaptcha_v3 elementor-field-group elementor-column elementor-field-group-field_1605a4a elementor-col-100 recaptcha_v3-bottomright\">\n\t\t\t\t\t<div class=\"elementor-field\" id=\"form-field-field_1605a4a\"><div class=\"elementor-g-recaptcha\" data-sitekey=\"6LdX63YrAAAAAKYAxXDtiY0Zd5YN9Qe8rT7JILT4\" data-type=\"v3\" data-action=\"Form\" data-badge=\"bottomright\" data-size=\"invisible\"><\/div><\/div>\t\t\t\t<\/div>\n\t\t\t\t\t\t\t\t<div class=\"elementor-field-type-recaptcha_v3 elementor-field-group elementor-column elementor-field-group-field_64ddb6c elementor-col-100 recaptcha_v3-bottomright\">\n\t\t\t\t\t<div class=\"elementor-field\" id=\"form-field-field_64ddb6c\"><div class=\"elementor-g-recaptcha\" data-sitekey=\"6LdX63YrAAAAAKYAxXDtiY0Zd5YN9Qe8rT7JILT4\" data-type=\"v3\" data-action=\"Form\" data-badge=\"bottomright\" data-size=\"invisible\"><\/div><\/div>\t\t\t\t<\/div>\n\t\t\t\t\t\t\t\t<div class=\"elementor-field-type-text\">\n\t\t\t\t\t<input size=\"1\" type=\"text\" name=\"form_fields[field_1961320]\" id=\"form-field-field_1961320\" class=\"elementor-field elementor-size-lg \" style=\"display:none !important;\">\t\t\t\t<\/div>\n\t\t\t\t\t\t\t\t<div class=\"elementor-field-group elementor-column elementor-field-type-submit elementor-col-100 e-form__buttons\">\n\t\t\t\t\t<button class=\"elementor-button elementor-size-lg\" type=\"submit\">\n\t\t\t\t\t\t<span class=\"elementor-button-content-wrapper\">\n\t\t\t\t\t\t\t\t\t\t\t\t\t\t\t\t\t\t\t\t\t\t<span class=\"elementor-button-text\">SCHICKEN <\/span>\n\t\t\t\t\t\t\t\t\t\t\t\t\t<\/span>\n\t\t\t\t\t<\/button>\n\t\t\t\t<\/div>\n\t\t\t<\/div>\n\t\t<\/form>\n\t\t\t\t\t\t<\/div>\n\t\t\t\t\t<\/div>\n\t\t\t\t<\/div>\n\t\t\t\t<\/div>\n\t\t","protected":false},"excerpt":{"rendered":"<p>Kontaktieren Sie uns Kontaktieren Sie unsSie haben Fragen oder m\u00f6chten mehr \u00fcber unser Angebot erfahren? Schreiben Sie uns, rufen Sie uns an oder nutzen Sie das Formular. Wir unterst\u00fctzen Sie gerne bei diesem Abenteuer und beantworten Ihre Fragen. Wir freuen uns auf Sie! Wir warten auf Sie!<\/p>\n","protected":false},"author":2,"featured_media":1050,"parent":0,"menu_order":0,"comment_status":"closed","ping_status":"closed","template":"elementor_header_footer","meta":{"footnotes":""},"class_list":["post-1529","page","type-page","status-publish","has-post-thumbnail","hentry"],"yoast_head":"<!-- This site is optimized with the Yoast SEO plugin v25.9 - https:\/\/yoast.com\/wordpress\/plugins\/seo\/ -->\n<title>Contact Hotel La Kuka | Eco Hotel in Nuqu\u00ed- La Kuka Hotel<\/title>\n<meta name=\"description\" content=\"&quot;Reach out to Hotel La Kuka, a sustainable eco-hotel in Nuqu\u00ed, Colombia. Inquire about accommodations, activities, and travel tips for your Pacific getaway&quot;\" \/>\n<meta name=\"robots\" content=\"index, follow, max-snippet:-1, max-image-preview:large, max-video-preview:-1\" \/>\n<link rel=\"canonical\" href=\"https:\/\/lakukahotel.com\/de\/kontaktieren-sie-uns\/\" \/>\n<meta property=\"og:locale\" content=\"de_DE\" \/>\n<meta property=\"og:type\" content=\"article\" \/>\n<meta property=\"og:title\" content=\"Contact Hotel La Kuka | Eco Hotel in Nuqu\u00ed- La Kuka Hotel\" \/>\n<meta property=\"og:description\" content=\"&quot;Reach out to Hotel La Kuka, a sustainable eco-hotel in Nuqu\u00ed, Colombia. Inquire about accommodations, activities, and travel tips for your Pacific getaway&quot;\" \/>\n<meta property=\"og:url\" content=\"https:\/\/lakukahotel.com\/de\/kontaktieren-sie-uns\/\" \/>\n<meta property=\"og:site_name\" content=\"La Kuka Hotel\" \/>\n<meta property=\"article:publisher\" content=\"https:\/\/www.facebook.com\/lakukanuqui\/\" \/>\n<meta property=\"article:modified_time\" content=\"2025-09-12T16:23:41+00:00\" \/>\n<meta property=\"og:image\" content=\"https:\/\/lakukahotel.com\/wp-content\/uploads\/2025\/06\/LA-KUKA-HOTEL-2-1024x683.jpg\" \/>\n<meta name=\"twitter:card\" content=\"summary_large_image\" \/>\n<meta name=\"twitter:title\" content=\"Contact Hotel La Kuka | Eco Hotel in Nuqu\u00ed- La Kuka Hotel\" \/>\n<meta name=\"twitter:description\" content=\"&quot;Reach out to Hotel La Kuka, a sustainable eco-hotel in Nuqu\u00ed, Colombia. Inquire about accommodations, activities, and travel tips for your Pacific getaway&quot;\" \/>\n<meta name=\"twitter:image\" content=\"https:\/\/lakukahotel.com\/wp-content\/uploads\/2025\/06\/LA-KUKA-HOTEL-2-1024x683.jpg\" \/>\n<script type=\"application\/ld+json\" class=\"yoast-schema-graph\">{\"@context\":\"https:\/\/schema.org\",\"@graph\":[{\"@type\":\"WebPage\",\"@id\":\"https:\/\/lakukahotel.com\/de\/kontaktieren-sie-uns\/\",\"url\":\"https:\/\/lakukahotel.com\/de\/kontaktieren-sie-uns\/\",\"name\":\"Contact Hotel La Kuka | Eco Hotel in Nuqu\u00ed- La Kuka Hotel\",\"isPartOf\":{\"@id\":\"https:\/\/lakukahotel.com\/#website\"},\"primaryImageOfPage\":{\"@id\":\"https:\/\/lakukahotel.com\/de\/kontaktieren-sie-uns\/#primaryimage\"},\"image\":{\"@id\":\"https:\/\/lakukahotel.com\/de\/kontaktieren-sie-uns\/#primaryimage\"},\"thumbnailUrl\":\"https:\/\/lakukahotel.com\/wp-content\/uploads\/2025\/07\/Banner-princiapl-scaled.jpg\",\"datePublished\":\"2025-06-26T18:59:58+00:00\",\"dateModified\":\"2025-09-12T16:23:41+00:00\",\"description\":\"\\\"Reach out to Hotel La Kuka, a sustainable eco-hotel in Nuqu\u00ed, Colombia. Inquire about accommodations, activities, and travel tips for your Pacific getaway\\\"\",\"breadcrumb\":{\"@id\":\"https:\/\/lakukahotel.com\/de\/kontaktieren-sie-uns\/#breadcrumb\"},\"inLanguage\":\"de\",\"potentialAction\":[{\"@type\":\"ReadAction\",\"target\":[\"https:\/\/lakukahotel.com\/de\/kontaktieren-sie-uns\/\"]}]},{\"@type\":\"ImageObject\",\"inLanguage\":\"de\",\"@id\":\"https:\/\/lakukahotel.com\/de\/kontaktieren-sie-uns\/#primaryimage\",\"url\":\"https:\/\/lakukahotel.com\/wp-content\/uploads\/2025\/07\/Banner-princiapl-scaled.jpg\",\"contentUrl\":\"https:\/\/lakukahotel.com\/wp-content\/uploads\/2025\/07\/Banner-princiapl-scaled.jpg\",\"width\":2560,\"height\":1337},{\"@type\":\"BreadcrumbList\",\"@id\":\"https:\/\/lakukahotel.com\/de\/kontaktieren-sie-uns\/#breadcrumb\",\"itemListElement\":[{\"@type\":\"ListItem\",\"position\":1,\"name\":\"Portada\",\"item\":\"https:\/\/lakukahotel.com\/en\/\"},{\"@type\":\"ListItem\",\"position\":2,\"name\":\"Kontaktieren Sie uns\"}]},{\"@type\":\"WebSite\",\"@id\":\"https:\/\/lakukahotel.com\/#website\",\"url\":\"https:\/\/lakukahotel.com\/\",\"name\":\"La Kuka Hotel\",\"description\":\"\",\"publisher\":{\"@id\":\"https:\/\/lakukahotel.com\/#organization\"},\"potentialAction\":[{\"@type\":\"SearchAction\",\"target\":{\"@type\":\"EntryPoint\",\"urlTemplate\":\"https:\/\/lakukahotel.com\/?s={search_term_string}\"},\"query-input\":{\"@type\":\"PropertyValueSpecification\",\"valueRequired\":true,\"valueName\":\"search_term_string\"}}],\"inLanguage\":\"de\"},{\"@type\":\"Organization\",\"@id\":\"https:\/\/lakukahotel.com\/#organization\",\"name\":\"La Kuka Hotel\",\"url\":\"https:\/\/lakukahotel.com\/\",\"logo\":{\"@type\":\"ImageObject\",\"inLanguage\":\"de\",\"@id\":\"https:\/\/lakukahotel.com\/#\/schema\/logo\/image\/\",\"url\":\"https:\/\/lakukahotel.com\/wp-content\/uploads\/2025\/06\/Logo-Negro@2x.png\",\"contentUrl\":\"https:\/\/lakukahotel.com\/wp-content\/uploads\/2025\/06\/Logo-Negro@2x.png\",\"width\":470,\"height\":152,\"caption\":\"La Kuka Hotel\"},\"image\":{\"@id\":\"https:\/\/lakukahotel.com\/#\/schema\/logo\/image\/\"},\"sameAs\":[\"https:\/\/www.facebook.com\/lakukanuqui\/\",\"https:\/\/www.instagram.com\/lakukanuqui\/\",\"https:\/\/www.tiktok.com\/@lakukanuqui?_t=ZS-8wIZrzbD4rJ&_r=1\",\"https:\/\/www.tripadvisor.com\/Hotel_Review-g809122-d13107746-Reviews-La_Kuka-Nuqui_Choco_Department.html\"]}]}<\/script>\n<!-- \/ Yoast SEO plugin. -->","yoast_head_json":{"title":"Contact Hotel La Kuka | Eco Hotel in Nuqu\u00ed- La Kuka Hotel","description":"\"Reach out to Hotel La Kuka, a sustainable eco-hotel in Nuqu\u00ed, Colombia. Inquire about accommodations, activities, and travel tips for your Pacific getaway\"","robots":{"index":"index","follow":"follow","max-snippet":"max-snippet:-1","max-image-preview":"max-image-preview:large","max-video-preview":"max-video-preview:-1"},"canonical":"https:\/\/lakukahotel.com\/de\/kontaktieren-sie-uns\/","og_locale":"de_DE","og_type":"article","og_title":"Contact Hotel La Kuka | Eco Hotel in Nuqu\u00ed- La Kuka Hotel","og_description":"\"Reach out to Hotel La Kuka, a sustainable eco-hotel in Nuqu\u00ed, Colombia. Inquire about accommodations, activities, and travel tips for your Pacific getaway\"","og_url":"https:\/\/lakukahotel.com\/de\/kontaktieren-sie-uns\/","og_site_name":"La Kuka Hotel","article_publisher":"https:\/\/www.facebook.com\/lakukanuqui\/","article_modified_time":"2025-09-12T16:23:41+00:00","og_image":[{"url":"https:\/\/lakukahotel.com\/wp-content\/uploads\/2025\/06\/LA-KUKA-HOTEL-2-1024x683.jpg","type":"","width":"","height":""}],"twitter_card":"summary_large_image","twitter_title":"Contact Hotel La Kuka | Eco Hotel in Nuqu\u00ed- La Kuka Hotel","twitter_description":"\"Reach out to Hotel La Kuka, a sustainable eco-hotel in Nuqu\u00ed, Colombia. Inquire about accommodations, activities, and travel tips for your Pacific getaway\"","twitter_image":"https:\/\/lakukahotel.com\/wp-content\/uploads\/2025\/06\/LA-KUKA-HOTEL-2-1024x683.jpg","schema":{"@context":"https:\/\/schema.org","@graph":[{"@type":"WebPage","@id":"https:\/\/lakukahotel.com\/de\/kontaktieren-sie-uns\/","url":"https:\/\/lakukahotel.com\/de\/kontaktieren-sie-uns\/","name":"Contact Hotel La Kuka | Eco Hotel in Nuqu\u00ed- La Kuka Hotel","isPartOf":{"@id":"https:\/\/lakukahotel.com\/#website"},"primaryImageOfPage":{"@id":"https:\/\/lakukahotel.com\/de\/kontaktieren-sie-uns\/#primaryimage"},"image":{"@id":"https:\/\/lakukahotel.com\/de\/kontaktieren-sie-uns\/#primaryimage"},"thumbnailUrl":"https:\/\/lakukahotel.com\/wp-content\/uploads\/2025\/07\/Banner-princiapl-scaled.jpg","datePublished":"2025-06-26T18:59:58+00:00","dateModified":"2025-09-12T16:23:41+00:00","description":"\"Reach out to Hotel La Kuka, a sustainable eco-hotel in Nuqu\u00ed, Colombia. Inquire about accommodations, activities, and travel tips for your Pacific getaway\"","breadcrumb":{"@id":"https:\/\/lakukahotel.com\/de\/kontaktieren-sie-uns\/#breadcrumb"},"inLanguage":"de","potentialAction":[{"@type":"ReadAction","target":["https:\/\/lakukahotel.com\/de\/kontaktieren-sie-uns\/"]}]},{"@type":"ImageObject","inLanguage":"de","@id":"https:\/\/lakukahotel.com\/de\/kontaktieren-sie-uns\/#primaryimage","url":"https:\/\/lakukahotel.com\/wp-content\/uploads\/2025\/07\/Banner-princiapl-scaled.jpg","contentUrl":"https:\/\/lakukahotel.com\/wp-content\/uploads\/2025\/07\/Banner-princiapl-scaled.jpg","width":2560,"height":1337},{"@type":"BreadcrumbList","@id":"https:\/\/lakukahotel.com\/de\/kontaktieren-sie-uns\/#breadcrumb","itemListElement":[{"@type":"ListItem","position":1,"name":"Portada","item":"https:\/\/lakukahotel.com\/en\/"},{"@type":"ListItem","position":2,"name":"Kontaktieren Sie uns"}]},{"@type":"WebSite","@id":"https:\/\/lakukahotel.com\/#website","url":"https:\/\/lakukahotel.com\/","name":"La Kuka Hotel","description":"","publisher":{"@id":"https:\/\/lakukahotel.com\/#organization"},"potentialAction":[{"@type":"SearchAction","target":{"@type":"EntryPoint","urlTemplate":"https:\/\/lakukahotel.com\/?s={search_term_string}"},"query-input":{"@type":"PropertyValueSpecification","valueRequired":true,"valueName":"search_term_string"}}],"inLanguage":"de"},{"@type":"Organization","@id":"https:\/\/lakukahotel.com\/#organization","name":"La Kuka Hotel","url":"https:\/\/lakukahotel.com\/","logo":{"@type":"ImageObject","inLanguage":"de","@id":"https:\/\/lakukahotel.com\/#\/schema\/logo\/image\/","url":"https:\/\/lakukahotel.com\/wp-content\/uploads\/2025\/06\/Logo-Negro@2x.png","contentUrl":"https:\/\/lakukahotel.com\/wp-content\/uploads\/2025\/06\/Logo-Negro@2x.png","width":470,"height":152,"caption":"La Kuka Hotel"},"image":{"@id":"https:\/\/lakukahotel.com\/#\/schema\/logo\/image\/"},"sameAs":["https:\/\/www.facebook.com\/lakukanuqui\/","https:\/\/www.instagram.com\/lakukanuqui\/","https:\/\/www.tiktok.com\/@lakukanuqui?_t=ZS-8wIZrzbD4rJ&_r=1","https:\/\/www.tripadvisor.com\/Hotel_Review-g809122-d13107746-Reviews-La_Kuka-Nuqui_Choco_Department.html"]}]}},"_links":{"self":[{"href":"https:\/\/lakukahotel.com\/de\/wp-json\/wp\/v2\/pages\/1529","targetHints":{"allow":["GET"]}}],"collection":[{"href":"https:\/\/lakukahotel.com\/de\/wp-json\/wp\/v2\/pages"}],"about":[{"href":"https:\/\/lakukahotel.com\/de\/wp-json\/wp\/v2\/types\/page"}],"author":[{"embeddable":true,"href":"https:\/\/lakukahotel.com\/de\/wp-json\/wp\/v2\/users\/2"}],"replies":[{"embeddable":true,"href":"https:\/\/lakukahotel.com\/de\/wp-json\/wp\/v2\/comments?post=1529"}],"version-history":[{"count":3,"href":"https:\/\/lakukahotel.com\/de\/wp-json\/wp\/v2\/pages\/1529\/revisions"}],"predecessor-version":[{"id":1532,"href":"https:\/\/lakukahotel.com\/de\/wp-json\/wp\/v2\/pages\/1529\/revisions\/1532"}],"wp:featuredmedia":[{"embeddable":true,"href":"https:\/\/lakukahotel.com\/de\/wp-json\/wp\/v2\/media\/1050"}],"wp:attachment":[{"href":"https:\/\/lakukahotel.com\/de\/wp-json\/wp\/v2\/media?parent=1529"}],"curies":[{"name":"wp","href":"https:\/\/api.w.org\/{rel}","templated":true}]}}