{"id":1518,"date":"2025-06-26T20:37:48","date_gmt":"2025-06-26T18:37:48","guid":{"rendered":"https:\/\/lakukahotel.com\/empfehlungen\/"},"modified":"2025-09-11T23:34:23","modified_gmt":"2025-09-11T21:34:23","slug":"empfehlungen","status":"publish","type":"page","link":"https:\/\/lakukahotel.com\/de\/empfehlungen\/","title":{"rendered":"Empfehlungen"},"content":{"rendered":"\t\t<div data-elementor-type=\"wp-page\" data-elementor-id=\"1518\" class=\"elementor elementor-1518 elementor-480\" data-elementor-post-type=\"page\">\n\t\t\t\t<div class=\"elementor-element elementor-element-64dadef e-con-full e-flex wpr-particle-no wpr-jarallax-no wpr-parallax-no wpr-sticky-section-no e-con e-parent\" data-id=\"64dadef\" data-element_type=\"container\" data-settings=\"{&quot;background_background&quot;:&quot;classic&quot;}\">\n\t\t\t\t<div class=\"elementor-element elementor-element-3be5eee elementor-widget elementor-widget-heading\" data-id=\"3be5eee\" data-element_type=\"widget\" data-widget_type=\"heading.default\">\n\t\t\t\t\t<h2 class=\"elementor-heading-title elementor-size-default\">Empfehlungen<\/h2>\t\t\t\t<\/div>\n\t\t\t\t<\/div>\n\t\t<div class=\"elementor-element elementor-element-d54d57c e-flex e-con-boxed wpr-particle-no wpr-jarallax-no wpr-parallax-no wpr-sticky-section-no e-con e-parent\" data-id=\"d54d57c\" data-element_type=\"container\" data-settings=\"{&quot;background_background&quot;:&quot;classic&quot;}\">\n\t\t\t\t\t<div class=\"e-con-inner\">\n\t\t\t\t<div class=\"elementor-element elementor-element-0ab04c6 elementor-widget elementor-widget-heading\" data-id=\"0ab04c6\" data-element_type=\"widget\" data-widget_type=\"heading.default\">\n\t\t\t\t\t<h2 class=\"elementor-heading-title elementor-size-default\">Wie komme ich dorthin?<\/h2>\t\t\t\t<\/div>\n\t\t\t\t<div class=\"elementor-element elementor-element-4ff0c85 elementor-widget__width-inherit elementor-widget elementor-widget-text-editor\" data-id=\"4ff0c85\" data-element_type=\"widget\" data-widget_type=\"text-editor.default\">\n\t\t\t\t\t\t\t\t\t<p>Schon die Anreise nach La Kuka ist Teil des Abenteuers! Von Medell\u00edn aus fliegst du in einer 20-sitzigen Propellermaschine fast eine Stunde lang \u00fcber die Berge von Antioquia und dann \u00fcber den Dschungel des Choc\u00f3 in die Gemeinde Nuqu\u00ed. Dort steigst du in ein Boot um, das 45 Minuten lang einen Teil des Golfs von Tribug\u00e1 \u00fcberquert und dabei die Serran\u00eda del Baud\u00f3 entlangf\u00e4hrt. <br>Auf dem Weg dorthin hast du m\u00f6glicherweise deine ersten Sichtungen von Walen, Fischen, Delfinen und Pelikanen. Bei deiner Ankunft an den Str\u00e4nden von Guachalito erwartet dich La Kuka mit einem erfrischenden Kokoswasser und einem gro\u00dfartigen Team, das dir zur Verf\u00fcgung steht! <\/p><p>Gerne sind wir Ihnen bei der Buchung Ihres Hin- und R\u00fcckfluges behilflich.<\/p><p>Von Medell\u00edn aus gibt es Direktfl\u00fcge und von Bogot\u00e1 aus Fl\u00fcge mit Zwischenstopp in Quibd\u00f3. Auch k\u00f6nnen Privatreisen f\u00fcr gro\u00dfe Gruppen organisiert werden. Aufgrund unserer tropischen Bedingungen empfehlen wir, am Tag deiner Abreise aus Nuqu\u00ed keine internationalen Fl\u00fcge zu buchen, f\u00fcr den Fall, dass Wetterbedingungen deinen Flug verz\u00f6gern.  <\/p><p>Unsere Unterkunftsvorschl\u00e4ge in Medell\u00edn<\/p><p>\u2022 Moderate Kosten:<br>Los Patios Hostal Boutique (@lospatioshostalboutique)<br>Galer\u00eda Hostel Medell\u00edn (@galeriahostel)<\/p><p>\u2022 Executive-Budget<br>Diez Hotel (www.diezhotel.com)<br>Soy Local (www.soylocal.co)<\/p>\t\t\t\t\t\t\t\t<\/div>\n\t\t\t\t<div class=\"elementor-element elementor-element-e9c3acc elementor-widget elementor-widget-heading\" data-id=\"e9c3acc\" data-element_type=\"widget\" data-widget_type=\"heading.default\">\n\t\t\t\t\t<h2 class=\"elementor-heading-title elementor-size-default\">Was einpacken?<\/h2>\t\t\t\t<\/div>\n\t\t\t\t<div class=\"elementor-element elementor-element-695ac18 elementor-widget__width-inherit elementor-widget elementor-widget-text-editor\" data-id=\"695ac18\" data-element_type=\"widget\" data-widget_type=\"text-editor.default\">\n\t\t\t\t\t\t\t\t\t<p>Das maximal zul\u00e4ssige Gewicht f\u00fcr aufgegebenes Gep\u00e4ck bei Fluggesellschaften betr\u00e4gt 10 kg im Frachtraum und 5 kg f\u00fcr Handgep\u00e4ck (ein St\u00fcck).<\/p>\t\t\t\t\t\t\t\t<\/div>\n\t\t\t\t\t<\/div>\n\t\t\t\t<\/div>\n\t\t<div class=\"elementor-element elementor-element-18811b5 e-flex e-con-boxed wpr-particle-no wpr-jarallax-no wpr-parallax-no wpr-sticky-section-no e-con e-parent\" data-id=\"18811b5\" data-element_type=\"container\" data-settings=\"{&quot;background_background&quot;:&quot;classic&quot;}\">\n\t\t\t\t\t<div class=\"e-con-inner\">\n\t\t\t\t<div class=\"elementor-element elementor-element-fd31363 elementor-widget elementor-widget-heading\" data-id=\"fd31363\" data-element_type=\"widget\" data-widget_type=\"heading.default\">\n\t\t\t\t\t<h2 class=\"elementor-heading-title elementor-size-default\">Es wird empfohlen, mitzubringen<\/h2>\t\t\t\t<\/div>\n\t\t\t\t<div class=\"elementor-element elementor-element-cf57d85 elementor-widget__width-inherit elementor-widget elementor-widget-text-editor\" data-id=\"cf57d85\" data-element_type=\"widget\" data-widget_type=\"text-editor.default\">\n\t\t\t\t\t\t\t\t\t<p>Taschenlampe mit Ersatzbatterien<br>Sonnencreme und ein Hut oder eine M\u00fctze<br>Dunkle Brille oder M\u00fctze<br>Insektenschutzmittel \u2013 kein Aerosol<br>Plastikt\u00fcten zur Aufbewahrung nasser Kleidung (am Ende der Reise)<br>Bademode<br>Strandbekleidung, Shorts<br>Schnell trocknende Kleidung<br>Eine leichte Regen- oder wasserdichte Jacke<br>Hosen, lang\u00e4rmelige Hemden und ein Pullover\/Kapuzenpullover f\u00fcr den Abend<br>Schlammfeste Schuhe f\u00fcr Wanderungen im Wald<br>Sandalen<br>Ein zus\u00e4tzliches Paar Schuhe f\u00fcr deine R\u00fcckkehr in die Stadt<br>Pers\u00f6nliche Medikamente und Hygieneprodukte (vorzugsweise biologisch abbaubar)<br>Fernglas<br>Fotokamera<br>B\u00fccher und Zeitschriften<br>Bargeld (keine Geldautomaten in der Umgebung!)<\/p>\t\t\t\t\t\t\t\t<\/div>\n\t\t\t\t<div class=\"elementor-element elementor-element-3713f41 elementor-widget elementor-widget-heading\" data-id=\"3713f41\" data-element_type=\"widget\" data-widget_type=\"heading.default\">\n\t\t\t\t\t<h2 class=\"elementor-heading-title elementor-size-default\">Notiz<\/h2>\t\t\t\t<\/div>\n\t\t\t\t<div class=\"elementor-element elementor-element-29f99c7 elementor-widget__width-inherit elementor-widget elementor-widget-text-editor\" data-id=\"29f99c7\" data-element_type=\"widget\" data-widget_type=\"text-editor.default\">\n\t\t\t\t\t\t\t\t\t<div id=\"page_content_wrapper\" class=\"hasbg withtopbar\"><div class=\"inner\"><div class=\"inner_wrapper\"><div class=\"sidebar_content full_width\"><p>Bitte informieren Sie uns im Voraus, wenn Sie Nahrungsmittelallergien oder spezielle Di\u00e4ten (vegetarisch, vegan usw.) haben.<\/p><\/div><\/div><\/div><\/div>\t\t\t\t\t\t\t\t<\/div>\n\t\t\t\t\t<\/div>\n\t\t\t\t<\/div>\n\t\t\t\t<\/div>\n\t\t","protected":false},"excerpt":{"rendered":"<p>Empfehlungen Wie komme ich dorthin? Schon die Anreise nach La Kuka ist Teil des Abenteuers! Von Medell\u00edn aus fliegst du in einer 20-sitzigen Propellermaschine fast eine Stunde lang \u00fcber die Berge von Antioquia und dann \u00fcber den Dschungel des Choc\u00f3 in die Gemeinde Nuqu\u00ed. Dort steigst du in ein Boot um, das 45 Minuten lang einen Teil des Golfs von Tribug\u00e1 \u00fcberquert und dabei die Serran\u00eda del Baud\u00f3 entlangf\u00e4hrt. Auf dem Weg dorthin hast du m\u00f6glicherweise deine ersten Sichtungen von Walen, Fischen, Delfinen und Pelikanen. Bei deiner Ankunft an den Str\u00e4nden von Guachalito erwartet dich La Kuka mit einem erfrischenden Kokoswasser und einem gro\u00dfartigen Team, das dir zur Verf\u00fcgung steht! Gerne sind wir Ihnen bei der Buchung Ihres Hin- und R\u00fcckfluges behilflich. Von Medell\u00edn aus gibt es Direktfl\u00fcge und von Bogot\u00e1 aus Fl\u00fcge mit Zwischenstopp in Quibd\u00f3. Auch k\u00f6nnen Privatreisen f\u00fcr gro\u00dfe Gruppen organisiert werden. Aufgrund unserer tropischen Bedingungen empfehlen wir, am Tag deiner Abreise aus Nuqu\u00ed keine internationalen Fl\u00fcge zu buchen, f\u00fcr den Fall, dass Wetterbedingungen deinen Flug verz\u00f6gern. Unsere Unterkunftsvorschl\u00e4ge in Medell\u00edn \u2022 Moderate Kosten:Los Patios Hostal Boutique (@lospatioshostalboutique)Galer\u00eda Hostel Medell\u00edn (@galeriahostel) \u2022 Executive-BudgetDiez Hotel (www.diezhotel.com)Soy Local (www.soylocal.co) Was einpacken? Das maximal zul\u00e4ssige Gewicht f\u00fcr aufgegebenes Gep\u00e4ck bei Fluggesellschaften betr\u00e4gt 10 kg im Frachtraum und 5 kg f\u00fcr Handgep\u00e4ck (ein St\u00fcck). Es wird empfohlen, mitzubringen Taschenlampe mit ErsatzbatterienSonnencreme und ein Hut oder eine M\u00fctzeDunkle Brille oder M\u00fctzeInsektenschutzmittel \u2013 kein AerosolPlastikt\u00fcten zur Aufbewahrung nasser Kleidung (am Ende der Reise)BademodeStrandbekleidung, ShortsSchnell trocknende KleidungEine leichte Regen- oder wasserdichte JackeHosen, lang\u00e4rmelige Hemden und ein Pullover\/Kapuzenpullover f\u00fcr den AbendSchlammfeste Schuhe f\u00fcr Wanderungen im WaldSandalenEin zus\u00e4tzliches Paar Schuhe f\u00fcr deine R\u00fcckkehr in die StadtPers\u00f6nliche Medikamente und Hygieneprodukte (vorzugsweise biologisch abbaubar)FernglasFotokameraB\u00fccher und ZeitschriftenBargeld (keine Geldautomaten in der Umgebung!) Notiz Bitte informieren Sie uns im Voraus, wenn Sie Nahrungsmittelallergien oder spezielle Di\u00e4ten (vegetarisch, vegan usw.) haben.<\/p>\n","protected":false},"author":2,"featured_media":0,"parent":0,"menu_order":0,"comment_status":"closed","ping_status":"closed","template":"elementor_header_footer","meta":{"footnotes":""},"class_list":["post-1518","page","type-page","status-publish","hentry"],"yoast_head":"<!-- This site is optimized with the Yoast SEO plugin v25.9 - https:\/\/yoast.com\/wordpress\/plugins\/seo\/ -->\n<title>Travel Tips for Nuqu\u00ed | Hotel La Kuka - La Kuka Hotel<\/title>\n<meta name=\"description\" content=\"Plan your trip to Nuqu\u00ed with Hotel La Kuka&#039;s expert recommendations. Learn what to pack, local customs, and how to travel sustainably in Colombia&#039;s Pacific region.\" \/>\n<meta name=\"robots\" content=\"index, follow, max-snippet:-1, max-image-preview:large, max-video-preview:-1\" \/>\n<link rel=\"canonical\" href=\"https:\/\/lakukahotel.com\/de\/empfehlungen\/\" \/>\n<meta property=\"og:locale\" content=\"de_DE\" \/>\n<meta property=\"og:type\" content=\"article\" \/>\n<meta property=\"og:title\" content=\"Travel Tips for Nuqu\u00ed | Hotel La Kuka - La Kuka Hotel\" \/>\n<meta property=\"og:description\" content=\"Plan your trip to Nuqu\u00ed with Hotel La Kuka&#039;s expert recommendations. Learn what to pack, local customs, and how to travel sustainably in Colombia&#039;s Pacific region.\" \/>\n<meta property=\"og:url\" content=\"https:\/\/lakukahotel.com\/de\/empfehlungen\/\" \/>\n<meta property=\"og:site_name\" content=\"La Kuka Hotel\" \/>\n<meta property=\"article:publisher\" content=\"https:\/\/www.facebook.com\/lakukanuqui\/\" \/>\n<meta property=\"article:modified_time\" content=\"2025-09-11T21:34:23+00:00\" \/>\n<meta property=\"og:image\" content=\"https:\/\/lakukahotel.com\/wp-content\/uploads\/2025\/06\/LA-KUKA-HOTEL-2-1024x683.jpg\" \/>\n<meta name=\"twitter:card\" content=\"summary_large_image\" \/>\n<meta name=\"twitter:title\" content=\"Travel Tips for Nuqu\u00ed | Hotel La Kuka - La Kuka Hotel\" \/>\n<meta name=\"twitter:description\" content=\"Plan your trip to Nuqu\u00ed with Hotel La Kuka&#039;s expert recommendations. Learn what to pack, local customs, and how to travel sustainably in Colombia&#039;s Pacific region.\" \/>\n<meta name=\"twitter:image\" content=\"https:\/\/lakukahotel.com\/wp-content\/uploads\/2025\/06\/LA-KUKA-HOTEL-2-1024x683.jpg\" \/>\n<meta name=\"twitter:label1\" content=\"Gesch\u00e4tzte Lesezeit\" \/>\n\t<meta name=\"twitter:data1\" content=\"2\u00a0Minuten\" \/>\n<script type=\"application\/ld+json\" class=\"yoast-schema-graph\">{\"@context\":\"https:\/\/schema.org\",\"@graph\":[{\"@type\":\"WebPage\",\"@id\":\"https:\/\/lakukahotel.com\/de\/empfehlungen\/\",\"url\":\"https:\/\/lakukahotel.com\/de\/empfehlungen\/\",\"name\":\"Travel Tips for Nuqu\u00ed | Hotel La Kuka - La Kuka Hotel\",\"isPartOf\":{\"@id\":\"https:\/\/lakukahotel.com\/#website\"},\"datePublished\":\"2025-06-26T18:37:48+00:00\",\"dateModified\":\"2025-09-11T21:34:23+00:00\",\"description\":\"Plan your trip to Nuqu\u00ed with Hotel La Kuka's expert recommendations. Learn what to pack, local customs, and how to travel sustainably in Colombia's Pacific region.\",\"breadcrumb\":{\"@id\":\"https:\/\/lakukahotel.com\/de\/empfehlungen\/#breadcrumb\"},\"inLanguage\":\"de\",\"potentialAction\":[{\"@type\":\"ReadAction\",\"target\":[\"https:\/\/lakukahotel.com\/de\/empfehlungen\/\"]}]},{\"@type\":\"BreadcrumbList\",\"@id\":\"https:\/\/lakukahotel.com\/de\/empfehlungen\/#breadcrumb\",\"itemListElement\":[{\"@type\":\"ListItem\",\"position\":1,\"name\":\"Portada\",\"item\":\"https:\/\/lakukahotel.com\/en\/\"},{\"@type\":\"ListItem\",\"position\":2,\"name\":\"Empfehlungen\"}]},{\"@type\":\"WebSite\",\"@id\":\"https:\/\/lakukahotel.com\/#website\",\"url\":\"https:\/\/lakukahotel.com\/\",\"name\":\"La Kuka Hotel\",\"description\":\"\",\"publisher\":{\"@id\":\"https:\/\/lakukahotel.com\/#organization\"},\"potentialAction\":[{\"@type\":\"SearchAction\",\"target\":{\"@type\":\"EntryPoint\",\"urlTemplate\":\"https:\/\/lakukahotel.com\/?s={search_term_string}\"},\"query-input\":{\"@type\":\"PropertyValueSpecification\",\"valueRequired\":true,\"valueName\":\"search_term_string\"}}],\"inLanguage\":\"de\"},{\"@type\":\"Organization\",\"@id\":\"https:\/\/lakukahotel.com\/#organization\",\"name\":\"La Kuka Hotel\",\"url\":\"https:\/\/lakukahotel.com\/\",\"logo\":{\"@type\":\"ImageObject\",\"inLanguage\":\"de\",\"@id\":\"https:\/\/lakukahotel.com\/#\/schema\/logo\/image\/\",\"url\":\"https:\/\/lakukahotel.com\/wp-content\/uploads\/2025\/06\/Logo-Negro@2x.png\",\"contentUrl\":\"https:\/\/lakukahotel.com\/wp-content\/uploads\/2025\/06\/Logo-Negro@2x.png\",\"width\":470,\"height\":152,\"caption\":\"La Kuka Hotel\"},\"image\":{\"@id\":\"https:\/\/lakukahotel.com\/#\/schema\/logo\/image\/\"},\"sameAs\":[\"https:\/\/www.facebook.com\/lakukanuqui\/\",\"https:\/\/www.instagram.com\/lakukanuqui\/\",\"https:\/\/www.tiktok.com\/@lakukanuqui?_t=ZS-8wIZrzbD4rJ&_r=1\",\"https:\/\/www.tripadvisor.com\/Hotel_Review-g809122-d13107746-Reviews-La_Kuka-Nuqui_Choco_Department.html\"]}]}<\/script>\n<!-- \/ Yoast SEO plugin. -->","yoast_head_json":{"title":"Travel Tips for Nuqu\u00ed | Hotel La Kuka - La Kuka Hotel","description":"Plan your trip to Nuqu\u00ed with Hotel La Kuka's expert recommendations. Learn what to pack, local customs, and how to travel sustainably in Colombia's Pacific region.","robots":{"index":"index","follow":"follow","max-snippet":"max-snippet:-1","max-image-preview":"max-image-preview:large","max-video-preview":"max-video-preview:-1"},"canonical":"https:\/\/lakukahotel.com\/de\/empfehlungen\/","og_locale":"de_DE","og_type":"article","og_title":"Travel Tips for Nuqu\u00ed | Hotel La Kuka - La Kuka Hotel","og_description":"Plan your trip to Nuqu\u00ed with Hotel La Kuka's expert recommendations. Learn what to pack, local customs, and how to travel sustainably in Colombia's Pacific region.","og_url":"https:\/\/lakukahotel.com\/de\/empfehlungen\/","og_site_name":"La Kuka Hotel","article_publisher":"https:\/\/www.facebook.com\/lakukanuqui\/","article_modified_time":"2025-09-11T21:34:23+00:00","og_image":[{"url":"https:\/\/lakukahotel.com\/wp-content\/uploads\/2025\/06\/LA-KUKA-HOTEL-2-1024x683.jpg","type":"","width":"","height":""}],"twitter_card":"summary_large_image","twitter_title":"Travel Tips for Nuqu\u00ed | Hotel La Kuka - La Kuka Hotel","twitter_description":"Plan your trip to Nuqu\u00ed with Hotel La Kuka's expert recommendations. Learn what to pack, local customs, and how to travel sustainably in Colombia's Pacific region.","twitter_image":"https:\/\/lakukahotel.com\/wp-content\/uploads\/2025\/06\/LA-KUKA-HOTEL-2-1024x683.jpg","twitter_misc":{"Gesch\u00e4tzte Lesezeit":"2\u00a0Minuten"},"schema":{"@context":"https:\/\/schema.org","@graph":[{"@type":"WebPage","@id":"https:\/\/lakukahotel.com\/de\/empfehlungen\/","url":"https:\/\/lakukahotel.com\/de\/empfehlungen\/","name":"Travel Tips for Nuqu\u00ed | Hotel La Kuka - La Kuka Hotel","isPartOf":{"@id":"https:\/\/lakukahotel.com\/#website"},"datePublished":"2025-06-26T18:37:48+00:00","dateModified":"2025-09-11T21:34:23+00:00","description":"Plan your trip to Nuqu\u00ed with Hotel La Kuka's expert recommendations. Learn what to pack, local customs, and how to travel sustainably in Colombia's Pacific region.","breadcrumb":{"@id":"https:\/\/lakukahotel.com\/de\/empfehlungen\/#breadcrumb"},"inLanguage":"de","potentialAction":[{"@type":"ReadAction","target":["https:\/\/lakukahotel.com\/de\/empfehlungen\/"]}]},{"@type":"BreadcrumbList","@id":"https:\/\/lakukahotel.com\/de\/empfehlungen\/#breadcrumb","itemListElement":[{"@type":"ListItem","position":1,"name":"Portada","item":"https:\/\/lakukahotel.com\/en\/"},{"@type":"ListItem","position":2,"name":"Empfehlungen"}]},{"@type":"WebSite","@id":"https:\/\/lakukahotel.com\/#website","url":"https:\/\/lakukahotel.com\/","name":"La Kuka Hotel","description":"","publisher":{"@id":"https:\/\/lakukahotel.com\/#organization"},"potentialAction":[{"@type":"SearchAction","target":{"@type":"EntryPoint","urlTemplate":"https:\/\/lakukahotel.com\/?s={search_term_string}"},"query-input":{"@type":"PropertyValueSpecification","valueRequired":true,"valueName":"search_term_string"}}],"inLanguage":"de"},{"@type":"Organization","@id":"https:\/\/lakukahotel.com\/#organization","name":"La Kuka Hotel","url":"https:\/\/lakukahotel.com\/","logo":{"@type":"ImageObject","inLanguage":"de","@id":"https:\/\/lakukahotel.com\/#\/schema\/logo\/image\/","url":"https:\/\/lakukahotel.com\/wp-content\/uploads\/2025\/06\/Logo-Negro@2x.png","contentUrl":"https:\/\/lakukahotel.com\/wp-content\/uploads\/2025\/06\/Logo-Negro@2x.png","width":470,"height":152,"caption":"La Kuka Hotel"},"image":{"@id":"https:\/\/lakukahotel.com\/#\/schema\/logo\/image\/"},"sameAs":["https:\/\/www.facebook.com\/lakukanuqui\/","https:\/\/www.instagram.com\/lakukanuqui\/","https:\/\/www.tiktok.com\/@lakukanuqui?_t=ZS-8wIZrzbD4rJ&_r=1","https:\/\/www.tripadvisor.com\/Hotel_Review-g809122-d13107746-Reviews-La_Kuka-Nuqui_Choco_Department.html"]}]}},"_links":{"self":[{"href":"https:\/\/lakukahotel.com\/de\/wp-json\/wp\/v2\/pages\/1518","targetHints":{"allow":["GET"]}}],"collection":[{"href":"https:\/\/lakukahotel.com\/de\/wp-json\/wp\/v2\/pages"}],"about":[{"href":"https:\/\/lakukahotel.com\/de\/wp-json\/wp\/v2\/types\/page"}],"author":[{"embeddable":true,"href":"https:\/\/lakukahotel.com\/de\/wp-json\/wp\/v2\/users\/2"}],"replies":[{"embeddable":true,"href":"https:\/\/lakukahotel.com\/de\/wp-json\/wp\/v2\/comments?post=1518"}],"version-history":[{"count":1,"href":"https:\/\/lakukahotel.com\/de\/wp-json\/wp\/v2\/pages\/1518\/revisions"}],"predecessor-version":[{"id":1519,"href":"https:\/\/lakukahotel.com\/de\/wp-json\/wp\/v2\/pages\/1518\/revisions\/1519"}],"wp:attachment":[{"href":"https:\/\/lakukahotel.com\/de\/wp-json\/wp\/v2\/media?parent=1518"}],"curies":[{"name":"wp","href":"https:\/\/api.w.org\/{rel}","templated":true}]}}